{"id":114,"date":"2020-07-25T06:52:39","date_gmt":"2020-07-25T06:52:39","guid":{"rendered":"http:\/\/seniorennetz-as.de\/?page_id=114"},"modified":"2022-04-24T04:55:01","modified_gmt":"2022-04-24T04:55:01","slug":"elementor-114","status":"publish","type":"page","link":"https:\/\/seniorennetz-as.de\/?page_id=114","title":{"rendered":"Kursbeschreibungen"},"content":{"rendered":"\t\t<div data-elementor-type=\"wp-page\" data-elementor-id=\"114\" class=\"elementor elementor-114\">\n\t\t\t\t\t\t<section class=\"elementor-section elementor-top-section elementor-element elementor-element-5f2e39c elementor-section-content-middle elementor-section-boxed elementor-section-height-default elementor-section-height-default\" data-id=\"5f2e39c\" data-element_type=\"section\" data-e-type=\"section\">\n\t\t\t\t\t\t<div class=\"elementor-container elementor-column-gap-default\">\n\t\t\t\t\t<div class=\"elementor-column elementor-col-100 elementor-top-column elementor-element elementor-element-e3e0aba\" data-id=\"e3e0aba\" data-element_type=\"column\" data-e-type=\"column\">\n\t\t\t<div class=\"elementor-widget-wrap elementor-element-populated\">\n\t\t\t\t\t\t<div class=\"elementor-element elementor-element-48c13d3 elementor-invisible elementor-widget elementor-widget-image\" data-id=\"48c13d3\" data-element_type=\"widget\" data-e-type=\"widget\" data-settings=\"{&quot;_animation&quot;:&quot;zoomIn&quot;}\" data-widget_type=\"image.default\">\n\t\t\t\t<div class=\"elementor-widget-container\">\n\t\t\t\t\t\t\t\t\t\t\t\t\t\t\t<img decoding=\"async\" src=\"https:\/\/seniorennetz-as.de\/wp-content\/uploads\/2022\/02\/Kurse.png\" title=\"Kurse\" alt=\"Kurse\" loading=\"lazy\" \/>\t\t\t\t\t\t\t\t\t\t\t\t\t\t\t<\/div>\n\t\t\t\t<\/div>\n\t\t\t\t<div class=\"elementor-element elementor-element-d3ac176 elementor-widget elementor-widget-heading\" data-id=\"d3ac176\" data-element_type=\"widget\" data-e-type=\"widget\" data-widget_type=\"heading.default\">\n\t\t\t\t<div class=\"elementor-widget-container\">\n\t\t\t\t\t<h2 class=\"elementor-heading-title elementor-size-default\">Hier findest Du Beschreibungen unserer Kurse<\/h2>\t\t\t\t<\/div>\n\t\t\t\t<\/div>\n\t\t\t\t<div class=\"elementor-element elementor-element-bf2dbc0 elementor-invisible elementor-widget elementor-widget-accordion\" data-id=\"bf2dbc0\" data-element_type=\"widget\" data-e-type=\"widget\" data-settings=\"{&quot;_animation&quot;:&quot;zoomIn&quot;}\" data-widget_type=\"accordion.default\">\n\t\t\t\t<div class=\"elementor-widget-container\">\n\t\t\t\t\t\t\t<div class=\"elementor-accordion\">\n\t\t\t\t\t\t\t<div class=\"elementor-accordion-item\">\n\t\t\t\t\t<div id=\"elementor-tab-title-2001\" class=\"elementor-tab-title\" data-tab=\"1\" role=\"button\" aria-controls=\"elementor-tab-content-2001\" aria-expanded=\"false\">\n\t\t\t\t\t\t\t\t\t\t\t\t\t<span class=\"elementor-accordion-icon elementor-accordion-icon-left\" aria-hidden=\"true\">\n\t\t\t\t\t\t\t\t\t\t\t\t\t\t\t<span class=\"elementor-accordion-icon-closed\"><i class=\"fas fa-plus\"><\/i><\/span>\n\t\t\t\t\t\t\t\t<span class=\"elementor-accordion-icon-opened\"><i class=\"fas fa-minus\"><\/i><\/span>\n\t\t\t\t\t\t\t\t\t\t\t\t\t\t<\/span>\n\t\t\t\t\t\t\t\t\t\t\t\t<a class=\"elementor-accordion-title\" tabindex=\"0\">Grundkurs - Erste Schritte am PC<\/a>\n\t\t\t\t\t<\/div>\n\t\t\t\t\t<div id=\"elementor-tab-content-2001\" class=\"elementor-tab-content elementor-clearfix\" data-tab=\"1\" role=\"region\" aria-labelledby=\"elementor-tab-title-2001\"><p>Dieser Kurs vermittelt Grundlagen f\u00fcr den Umgang mit Computern und die Nutzung im Internet.<br \/>Wie bediene ich Maus und Tastatur, wie erstelle ich einfache Texte und Briefe und drucke diese, wie finde ich Informationen im Internet? <br \/>Sie lernen alles Wesentliche vom Ein- bis zum Ausschalten des Computers. Zum \u00dcben ist ausreichend Zeit und Gelegenheit.<br \/><b>Kursschwerpunkte sind<\/b>:<br \/>&#8211; Computer, Bildschirm Maus und Tastatur kennen lernen&#8230;<br \/>&#8211; Mit Windows beginnen, Men\u00fc- und Taskleiste bedienen\u2026<br \/>&#8211; Eine Einladung mit Word schreiben und formatieren\u2026<br \/>&#8211; Ordnung bei Dateien und Ordnern schaffen\u2026<br \/>&#8211; Was sind Programme? &#8230;<br \/>&#8211; Einstieg in das Internet&#8230;<br \/>&#8211; Probleme und kleine Fehler beheben&#8230;<br \/>&#8211; Windows anpassen und einrichten&#8230;<\/p><\/div>\n\t\t\t\t<\/div>\n\t\t\t\t\t\t\t<div class=\"elementor-accordion-item\">\n\t\t\t\t\t<div id=\"elementor-tab-title-2002\" class=\"elementor-tab-title\" data-tab=\"2\" role=\"button\" aria-controls=\"elementor-tab-content-2002\" aria-expanded=\"false\">\n\t\t\t\t\t\t\t\t\t\t\t\t\t<span class=\"elementor-accordion-icon elementor-accordion-icon-left\" aria-hidden=\"true\">\n\t\t\t\t\t\t\t\t\t\t\t\t\t\t\t<span class=\"elementor-accordion-icon-closed\"><i class=\"fas fa-plus\"><\/i><\/span>\n\t\t\t\t\t\t\t\t<span class=\"elementor-accordion-icon-opened\"><i class=\"fas fa-minus\"><\/i><\/span>\n\t\t\t\t\t\t\t\t\t\t\t\t\t\t<\/span>\n\t\t\t\t\t\t\t\t\t\t\t\t<a class=\"elementor-accordion-title\" tabindex=\"0\">Datenverwaltung am PC, Sichern von Daten<\/a>\n\t\t\t\t\t<\/div>\n\t\t\t\t\t<div id=\"elementor-tab-content-2002\" class=\"elementor-tab-content elementor-clearfix\" data-tab=\"2\" role=\"region\" aria-labelledby=\"elementor-tab-title-2002\"><p><strong>Dieser Workshop ist f\u00fcr alle gedacht, die wissen wollen, wie man Daten organisieren und sichern kann.<\/strong><\/p>\n<p>Sie lernen, wie man Dateien oder Dokumente einzeln oder in Gruppen ausw\u00e4hlt und an einer anderen Stelle ablegen kann, um sie dort zu speichern. Doppelt abgespeicherte Daten k\u00f6nnen sie so vermeiden.<\/p>\n<p>Grundkenntnisse am PC m\u00fcssen vorhanden sein.<\/p><\/div>\n\t\t\t\t<\/div>\n\t\t\t\t\t\t\t<div class=\"elementor-accordion-item\">\n\t\t\t\t\t<div id=\"elementor-tab-title-2003\" class=\"elementor-tab-title\" data-tab=\"3\" role=\"button\" aria-controls=\"elementor-tab-content-2003\" aria-expanded=\"false\">\n\t\t\t\t\t\t\t\t\t\t\t\t\t<span class=\"elementor-accordion-icon elementor-accordion-icon-left\" aria-hidden=\"true\">\n\t\t\t\t\t\t\t\t\t\t\t\t\t\t\t<span class=\"elementor-accordion-icon-closed\"><i class=\"fas fa-plus\"><\/i><\/span>\n\t\t\t\t\t\t\t\t<span class=\"elementor-accordion-icon-opened\"><i class=\"fas fa-minus\"><\/i><\/span>\n\t\t\t\t\t\t\t\t\t\t\t\t\t\t<\/span>\n\t\t\t\t\t\t\t\t\t\t\t\t<a class=\"elementor-accordion-title\" tabindex=\"0\">Textverarbeitung mit dem kostenlosen Programm Open Office &quot;Writer&quot;<\/a>\n\t\t\t\t\t<\/div>\n\t\t\t\t\t<div id=\"elementor-tab-content-2003\" class=\"elementor-tab-content elementor-clearfix\" data-tab=\"3\" role=\"region\" aria-labelledby=\"elementor-tab-title-2003\"><p><strong>Der Kurs richtet sich an Interessenten, die elementare Computerkenntnisse besitzen, d.h. die schon einen &#8222;Grundkurs erste Schritte am Computer &#8220; oder \u00e4hnliches besucht haben<\/strong>. Sie lernen Texte einzugeben, diese zu \u00e4ndern, l\u00f6schen und zu kopieren. Wie man Zeichen, Abs\u00e4tze und Seiten formatiert und die Rechtschreibpr\u00fcfung aktiviert. Bilder oder Grafiken werden eingef\u00fcgt und ein Briefkopf gestaltet. Dokumente und Handzettel werden erstellt. Ziel ist das druckreife Erstellen von Schriftverkehr mit Open Office Writer.<\/p><p><b>Kursschwerpunkte sind:<br \/><\/b><span style=\"color: var( --e-global-color-text ); font-family: var( --e-global-typography-text-font-family ), Sans-serif; font-weight: var( --e-global-typography-text-font-weight ); font-size: 0.875rem;\">&#8211; Writer von Anfang an&#8230;<br \/><\/span><span style=\"color: var( --e-global-color-text ); font-family: var( --e-global-typography-text-font-family ), Sans-serif; font-weight: var( --e-global-typography-text-font-weight ); font-size: 0.875rem;\">&#8211; Texte bearbeiten&#8230;<br \/><\/span><span style=\"color: var( --e-global-color-text ); font-family: var( --e-global-typography-text-font-family ), Sans-serif; font-weight: var( --e-global-typography-text-font-weight ); font-size: 0.875rem;\">&#8211; Dokumente fertigstellen und drucken&#8230;<br \/><\/span><span style=\"color: var( --e-global-color-text ); font-family: var( --e-global-typography-text-font-family ), Sans-serif; font-weight: var( --e-global-typography-text-font-weight ); font-size: 0.875rem;\">&#8211; Writer einrichten und Dokumente organisieren&#8230;<br \/><\/span><span style=\"color: var( --e-global-color-text ); font-family: var( --e-global-typography-text-font-family ), Sans-serif; font-weight: var( --e-global-typography-text-font-weight ); font-size: 0.875rem;\">&#8211; Auflistung von Dokumenten&#8230;<br \/><\/span><span style=\"color: var( --e-global-color-text ); font-family: var( --e-global-typography-text-font-family ), Sans-serif; font-weight: var( --e-global-typography-text-font-weight ); font-size: 0.875rem;\">&#8211; Ein mehrseitiges Dokument gestalten&#8230;<br \/><\/span><span style=\"color: var( --e-global-color-text ); font-family: var( --e-global-typography-text-font-family ), Sans-serif; font-weight: var( --e-global-typography-text-font-weight ); font-size: 0.875rem;\">&#8211; Zeichnen mit Writer&#8230;<br \/><\/span><span style=\"color: var( --e-global-color-text ); font-family: var( --e-global-typography-text-font-family ), Sans-serif; font-weight: var( --e-global-typography-text-font-weight ); font-size: 0.875rem;\">&#8211; Weitere M\u00f6glichkeiten mit Writer&#8230;<\/span><\/p><\/div>\n\t\t\t\t<\/div>\n\t\t\t\t\t\t\t<div class=\"elementor-accordion-item\">\n\t\t\t\t\t<div id=\"elementor-tab-title-2004\" class=\"elementor-tab-title\" data-tab=\"4\" role=\"button\" aria-controls=\"elementor-tab-content-2004\" aria-expanded=\"false\">\n\t\t\t\t\t\t\t\t\t\t\t\t\t<span class=\"elementor-accordion-icon elementor-accordion-icon-left\" aria-hidden=\"true\">\n\t\t\t\t\t\t\t\t\t\t\t\t\t\t\t<span class=\"elementor-accordion-icon-closed\"><i class=\"fas fa-plus\"><\/i><\/span>\n\t\t\t\t\t\t\t\t<span class=\"elementor-accordion-icon-opened\"><i class=\"fas fa-minus\"><\/i><\/span>\n\t\t\t\t\t\t\t\t\t\t\t\t\t\t<\/span>\n\t\t\t\t\t\t\t\t\t\t\t\t<a class=\"elementor-accordion-title\" tabindex=\"0\">Tipps & Tricks mit Open Office \"Writer\" und Windows 10<\/a>\n\t\t\t\t\t<\/div>\n\t\t\t\t\t<div id=\"elementor-tab-content-2004\" class=\"elementor-tab-content elementor-clearfix\" data-tab=\"4\" role=\"region\" aria-labelledby=\"elementor-tab-title-2004\"><p>Voraussetzung: Einsteiger Kenntnisse \u00fcber die Programme<\/p>\n<p><strong>Dieser Workshop vertieft Arbeitstechniken mit dem Open Writer<\/strong> wie z.B. den flexiblen Umgang mit Maus und Tastatur, das Markieren im Text und das Einf\u00fcgen und Verankern von Texten und Bildern.&nbsp;<\/p>\n<p>Es wird gezeigt, wie man eigene Vorlagen nutzt, PDF-Dateien erzeugt oder Einstellungen \u00e4ndert um z.B. die Standardschrift zu ver\u00e4ndern.<\/p><p><span style=\"color: var( --e-global-color-text ); font-family: var( --e-global-typography-text-font-family ), Sans-serif; font-size: 0.875rem;\"><b>In Windows10<\/b><\/span><span style=\"color: var( --e-global-color-text ); font-family: var( --e-global-typography-text-font-family ), Sans-serif; font-weight: var( --e-global-typography-text-font-weight ); font-size: 0.875rem;\"> werden die wichtigsten Einstellungen gezeigt und das Arbeiten mit Dateien und Dokumenten besprochen. Sie lernen, wie man mit mehreren Fenstern sicher kopiert und Dokumente vergleichen kann.<\/span><br><\/p><p>Die Teilnehmer k\u00f6nnen auch gerne eigene Fragen mitbringen.<\/p><\/div>\n\t\t\t\t<\/div>\n\t\t\t\t\t\t\t<div class=\"elementor-accordion-item\">\n\t\t\t\t\t<div id=\"elementor-tab-title-2005\" class=\"elementor-tab-title\" data-tab=\"5\" role=\"button\" aria-controls=\"elementor-tab-content-2005\" aria-expanded=\"false\">\n\t\t\t\t\t\t\t\t\t\t\t\t\t<span class=\"elementor-accordion-icon elementor-accordion-icon-left\" aria-hidden=\"true\">\n\t\t\t\t\t\t\t\t\t\t\t\t\t\t\t<span class=\"elementor-accordion-icon-closed\"><i class=\"fas fa-plus\"><\/i><\/span>\n\t\t\t\t\t\t\t\t<span class=\"elementor-accordion-icon-opened\"><i class=\"fas fa-minus\"><\/i><\/span>\n\t\t\t\t\t\t\t\t\t\t\t\t\t\t<\/span>\n\t\t\t\t\t\t\t\t\t\t\t\t<a class=\"elementor-accordion-title\" tabindex=\"0\">Surfen im Internet, nicht nur f\u00fcr aktive Senioren<\/a>\n\t\t\t\t\t<\/div>\n\t\t\t\t\t<div id=\"elementor-tab-content-2005\" class=\"elementor-tab-content elementor-clearfix\" data-tab=\"5\" role=\"region\" aria-labelledby=\"elementor-tab-title-2005\"><p><b>Der Kurs richtet sich an Interessenten, denen der Personal Computer (PC) nicht mehr fremd ist. Einen &#8222;Grundkurs erste Schritte am Computer &#8220; oder \u00e4hnliches sollten sie besucht haben<br \/><\/b><span style=\"color: var( --e-global-color-text ); font-family: var( --e-global-typography-text-font-family ), Sans-serif; font-weight: var( --e-global-typography-text-font-weight ); font-size: 0.875rem;\">Es werden Kenntnisse vermittelt damit sie sich im Internet flott \u201ebewegen\u201c k\u00f6nnen. Einige Tipps erm\u00f6glichen das gezielte Surfen mit guten Ergebnissen innerhalb kurzer Zeit.<\/span><\/p><p><b>Kursschwerpunkte sind:<br \/><\/b><span style=\"color: var( --e-global-color-text ); font-family: var( --e-global-typography-text-font-family ), Sans-serif; font-weight: var( --e-global-typography-text-font-weight ); font-size: 0.875rem;\">&#8211; Internetzugang einrichten<br \/><\/span><span style=\"color: var( --e-global-color-text ); font-family: var( --e-global-typography-text-font-family ), Sans-serif; font-weight: var( --e-global-typography-text-font-weight ); font-size: 0.875rem;\">&#8211; Suchmaschinen, Hyperlinks<br \/><\/span><span style=\"color: var( --e-global-color-text ); font-family: var( --e-global-typography-text-font-family ), Sans-serif; font-weight: var( --e-global-typography-text-font-weight ); font-size: 0.875rem;\">&#8211; Informationen aus dem Internet verwenden<br \/><\/span><span style=\"color: var( --e-global-color-text ); font-family: var( --e-global-typography-text-font-family ), Sans-serif; font-weight: var( --e-global-typography-text-font-weight ); font-size: 0.875rem;\">&#8211; E-Mail, die elektronische Post auch mit Thunderbird<br \/><\/span><span style=\"color: var( --e-global-color-text ); font-family: var( --e-global-typography-text-font-family ), Sans-serif; font-weight: var( --e-global-typography-text-font-weight ); font-size: 0.875rem;\">&#8211; Einkaufen, Reisen buchen, Bahn fahren u.v.m.<br \/><\/span><span style=\"color: var( --e-global-color-text ); font-family: var( --e-global-typography-text-font-family ), Sans-serif; font-weight: var( --e-global-typography-text-font-weight ); font-size: 0.875rem;\">&#8211; Vielfalt im Internet<br \/><\/span><span style=\"color: var( --e-global-color-text ); font-family: var( --e-global-typography-text-font-family ), Sans-serif; font-weight: var( --e-global-typography-text-font-weight ); font-size: 0.875rem;\">&#8211; Suchen und Finden im Internet<br \/><\/span><span style=\"color: var( --e-global-color-text ); font-family: var( --e-global-typography-text-font-family ), Sans-serif; font-weight: var( --e-global-typography-text-font-weight ); font-size: 0.875rem;\">&#8211; Herunterladen aus dem Internet<br \/><\/span><span style=\"color: var( --e-global-color-text ); font-family: var( --e-global-typography-text-font-family ), Sans-serif; font-weight: var( --e-global-typography-text-font-weight ); font-size: 0.875rem;\">&#8211; Sicherheit beachten im World Wide Web (www.)<\/span><\/p><\/div>\n\t\t\t\t<\/div>\n\t\t\t\t\t\t\t<div class=\"elementor-accordion-item\">\n\t\t\t\t\t<div id=\"elementor-tab-title-2006\" class=\"elementor-tab-title\" data-tab=\"6\" role=\"button\" aria-controls=\"elementor-tab-content-2006\" aria-expanded=\"false\">\n\t\t\t\t\t\t\t\t\t\t\t\t\t<span class=\"elementor-accordion-icon elementor-accordion-icon-left\" aria-hidden=\"true\">\n\t\t\t\t\t\t\t\t\t\t\t\t\t\t\t<span class=\"elementor-accordion-icon-closed\"><i class=\"fas fa-plus\"><\/i><\/span>\n\t\t\t\t\t\t\t\t<span class=\"elementor-accordion-icon-opened\"><i class=\"fas fa-minus\"><\/i><\/span>\n\t\t\t\t\t\t\t\t\t\t\t\t\t\t<\/span>\n\t\t\t\t\t\t\t\t\t\t\t\t<a class=\"elementor-accordion-title\" tabindex=\"0\">Tipps & Tricks im Internet<\/a>\n\t\t\t\t\t<\/div>\n\t\t\t\t\t<div id=\"elementor-tab-content-2006\" class=\"elementor-tab-content elementor-clearfix\" data-tab=\"6\" role=\"region\" aria-labelledby=\"elementor-tab-title-2006\"><p><strong>Der Workshop soll Ihnen helfen, sich sicher und zielorientiert im Internet zu bewegen<\/strong>. <br>Daf\u00fcr brauchen Sie au\u00dfer den richtigen Einstellungen im Browser auch ein gutes Schutzprogramm. Wir zeigen, wie Sie sich mit einigen grunds\u00e4tzlichen \u00dcberlegungen vor betr\u00fcgerischen H\u00e4ndlern sch\u00fctzen k\u00f6nnen und in welchen F\u00e4llen Sie besser auf einen Kauf verzichten.<br>Sie lernen, Lesezeichen zu setzten und zu benutzen, Texte und Bilder zu kopieren und Programme und Dokumente herunterzuladen. <br>Die Teilnehmer k\u00f6nnen auch gerne eigene Fragen mitbringen.<\/p><\/div>\n\t\t\t\t<\/div>\n\t\t\t\t\t\t\t<div class=\"elementor-accordion-item\">\n\t\t\t\t\t<div id=\"elementor-tab-title-2007\" class=\"elementor-tab-title\" data-tab=\"7\" role=\"button\" aria-controls=\"elementor-tab-content-2007\" aria-expanded=\"false\">\n\t\t\t\t\t\t\t\t\t\t\t\t\t<span class=\"elementor-accordion-icon elementor-accordion-icon-left\" aria-hidden=\"true\">\n\t\t\t\t\t\t\t\t\t\t\t\t\t\t\t<span class=\"elementor-accordion-icon-closed\"><i class=\"fas fa-plus\"><\/i><\/span>\n\t\t\t\t\t\t\t\t<span class=\"elementor-accordion-icon-opened\"><i class=\"fas fa-minus\"><\/i><\/span>\n\t\t\t\t\t\t\t\t\t\t\t\t\t\t<\/span>\n\t\t\t\t\t\t\t\t\t\t\t\t<a class=\"elementor-accordion-title\" tabindex=\"0\">Perfekte Briefe f\u00fcr Fensterumschl\u00e4ge mit Open Writer erstellen<\/a>\n\t\t\t\t\t<\/div>\n\t\t\t\t\t<div id=\"elementor-tab-content-2007\" class=\"elementor-tab-content elementor-clearfix\" data-tab=\"7\" role=\"region\" aria-labelledby=\"elementor-tab-title-2007\"><p><b>Voraussetzung: Grundkenntnisse von Open Writer<br \/><\/b><span style=\"color: var( --e-global-color-text ); font-family: var( --e-global-typography-text-font-family ), Sans-serif; font-size: 0.875rem;\"><b>(<\/b><\/span><span style=\"color: var( --e-global-color-text ); font-family: var( --e-global-typography-text-font-family ), Sans-serif; font-weight: var( --e-global-typography-text-font-weight ); font-size: 0.875rem;\">Bitte bringen Sie einen USB-Stick mit)<\/span><\/p><p>Fensterbriefe sind weitgehend standardisiert. In diesem Workshop benutzen sie die Vorlagen aus der Software Open Writer. Sie passen die beiden Vorlagen auf ihre Daten an und k\u00f6nnen sie dann auch sp\u00e4ter f\u00fcr private oder gesch\u00e4ftliche Zwecke immer wieder verwenden. Dabei wird genau im Fenster des Briefkuverts der Empf\u00e4nger und ihre Absender-Adresse stehen.\u00a0<\/p><p>An mehreren Beispielen lernen sie, wie Fensterbriefe erstellt und bearbeitet werden k\u00f6nnen.<\/p><\/div>\n\t\t\t\t<\/div>\n\t\t\t\t\t\t\t<div class=\"elementor-accordion-item\">\n\t\t\t\t\t<div id=\"elementor-tab-title-2008\" class=\"elementor-tab-title\" data-tab=\"8\" role=\"button\" aria-controls=\"elementor-tab-content-2008\" aria-expanded=\"false\">\n\t\t\t\t\t\t\t\t\t\t\t\t\t<span class=\"elementor-accordion-icon elementor-accordion-icon-left\" aria-hidden=\"true\">\n\t\t\t\t\t\t\t\t\t\t\t\t\t\t\t<span class=\"elementor-accordion-icon-closed\"><i class=\"fas fa-plus\"><\/i><\/span>\n\t\t\t\t\t\t\t\t<span class=\"elementor-accordion-icon-opened\"><i class=\"fas fa-minus\"><\/i><\/span>\n\t\t\t\t\t\t\t\t\t\t\t\t\t\t<\/span>\n\t\t\t\t\t\t\t\t\t\t\t\t<a class=\"elementor-accordion-title\" tabindex=\"0\">Smartphone Workshop Einstieg<\/a>\n\t\t\t\t\t<\/div>\n\t\t\t\t\t<div id=\"elementor-tab-content-2008\" class=\"elementor-tab-content elementor-clearfix\" data-tab=\"8\" role=\"region\" aria-labelledby=\"elementor-tab-title-2008\"><p>Bitte Ladekabel mitbringen<\/p><p><strong>In Gruppen, nach individuellen Kenntnissen zusammengefasst (ca. 3 Teilnehmer:innen) kann auf die speziellen Fragen eingegangen werden.<\/strong><\/p><p>&#8211; Was kann ein Smartphone? <br \/>&#8211; Welche Betriebssysteme gibt es?\u00a0<br \/><span style=\"color: var( --e-global-color-text ); font-family: var( --e-global-typography-text-font-family ), Sans-serif; font-weight: var( --e-global-typography-text-font-weight ); font-size: 0.875rem;\">&#8211; Welche Einstellungen sind ratsam? <br \/>&#8211; Apps installieren und deinstallieren <br \/>&#8211; Gestaltung und Organisation des Bildschirms (Homescreen). <br \/>&#8211; Tipps, die den Umgang mit dem Smartphone erleichtern.<\/span><\/p><\/div>\n\t\t\t\t<\/div>\n\t\t\t\t\t\t\t<div class=\"elementor-accordion-item\">\n\t\t\t\t\t<div id=\"elementor-tab-title-2009\" class=\"elementor-tab-title\" data-tab=\"9\" role=\"button\" aria-controls=\"elementor-tab-content-2009\" aria-expanded=\"false\">\n\t\t\t\t\t\t\t\t\t\t\t\t\t<span class=\"elementor-accordion-icon elementor-accordion-icon-left\" aria-hidden=\"true\">\n\t\t\t\t\t\t\t\t\t\t\t\t\t\t\t<span class=\"elementor-accordion-icon-closed\"><i class=\"fas fa-plus\"><\/i><\/span>\n\t\t\t\t\t\t\t\t<span class=\"elementor-accordion-icon-opened\"><i class=\"fas fa-minus\"><\/i><\/span>\n\t\t\t\t\t\t\t\t\t\t\t\t\t\t<\/span>\n\t\t\t\t\t\t\t\t\t\t\t\t<a class=\"elementor-accordion-title\" tabindex=\"0\">Fotos vom Smartphone auf dem PC sichern<\/a>\n\t\t\t\t\t<\/div>\n\t\t\t\t\t<div id=\"elementor-tab-content-2009\" class=\"elementor-tab-content elementor-clearfix\" data-tab=\"9\" role=\"region\" aria-labelledby=\"elementor-tab-title-2009\"><p>(Der Kurs ist aufgeteilt auf Nutzer von Android oder Apple Smartphones)<br \/>Bitte bringen Sie Ladekabel und einen USB-Stick mit!<\/p><p><strong>Wir zeigen Ihnen, wie man Bilder vom Handy in den PC \u00fcbertragen und dort dauerhaft sichern kann und beantworten Ihre speziellen Fragen.<\/strong><\/p><\/div>\n\t\t\t\t<\/div>\n\t\t\t\t\t\t\t<div class=\"elementor-accordion-item\">\n\t\t\t\t\t<div id=\"elementor-tab-title-20010\" class=\"elementor-tab-title\" data-tab=\"10\" role=\"button\" aria-controls=\"elementor-tab-content-20010\" aria-expanded=\"false\">\n\t\t\t\t\t\t\t\t\t\t\t\t\t<span class=\"elementor-accordion-icon elementor-accordion-icon-left\" aria-hidden=\"true\">\n\t\t\t\t\t\t\t\t\t\t\t\t\t\t\t<span class=\"elementor-accordion-icon-closed\"><i class=\"fas fa-plus\"><\/i><\/span>\n\t\t\t\t\t\t\t\t<span class=\"elementor-accordion-icon-opened\"><i class=\"fas fa-minus\"><\/i><\/span>\n\t\t\t\t\t\t\t\t\t\t\t\t\t\t<\/span>\n\t\t\t\t\t\t\t\t\t\t\t\t<a class=\"elementor-accordion-title\" tabindex=\"0\">Bildbearbeitung mit Photoshop Elements<\/a>\n\t\t\t\t\t<\/div>\n\t\t\t\t\t<div id=\"elementor-tab-content-20010\" class=\"elementor-tab-content elementor-clearfix\" data-tab=\"10\" role=\"region\" aria-labelledby=\"elementor-tab-title-20010\"><p><span style=\"font-weight: 400;\">&#8211; Ihr Fotostudio am PC, der Organizer<br \/><\/span><span style=\"font-weight: 400;\">&#8211; Bilder ordnen, benennen und archivieren<br \/><\/span><span style=\"font-weight: 400;\">&#8211; Editor und Werkzeuge kennenlernen<br \/><\/span><span style=\"font-weight: 400;\">&#8211; Bildoptimierung und Korrektur<br \/><\/span><span style=\"font-weight: 400;\">&#8211; Bildebenen und vielschichtige Bildbearbeitung<br \/><\/span><span style=\"font-weight: 400;\">&#8211; Bilderkreationen<\/span><\/p><p><strong>Die erworbenen Kenntnisse sind nicht an Photoshop gebunden,\u00a0sondern lassen sich andere Bearbeitungsprogramme \u00fcbertragen<\/strong><\/p><\/div>\n\t\t\t\t<\/div>\n\t\t\t\t\t\t\t<div class=\"elementor-accordion-item\">\n\t\t\t\t\t<div id=\"elementor-tab-title-20011\" class=\"elementor-tab-title\" data-tab=\"11\" role=\"button\" aria-controls=\"elementor-tab-content-20011\" aria-expanded=\"false\">\n\t\t\t\t\t\t\t\t\t\t\t\t\t<span class=\"elementor-accordion-icon elementor-accordion-icon-left\" aria-hidden=\"true\">\n\t\t\t\t\t\t\t\t\t\t\t\t\t\t\t<span class=\"elementor-accordion-icon-closed\"><i class=\"fas fa-plus\"><\/i><\/span>\n\t\t\t\t\t\t\t\t<span class=\"elementor-accordion-icon-opened\"><i class=\"fas fa-minus\"><\/i><\/span>\n\t\t\t\t\t\t\t\t\t\t\t\t\t\t<\/span>\n\t\t\t\t\t\t\t\t\t\t\t\t<a class=\"elementor-accordion-title\" tabindex=\"0\">Videobearbeitung f\u00fcr Einsteiger mit \u201eMagix Video 19\u201c<\/a>\n\t\t\t\t\t<\/div>\n\t\t\t\t\t<div id=\"elementor-tab-content-20011\" class=\"elementor-tab-content elementor-clearfix\" data-tab=\"11\" role=\"region\" aria-labelledby=\"elementor-tab-title-20011\"><p><span style=\"font-weight: 400;\">Wie wird aus Bewegtbildern, die irgendwo aufgenommen wurden ein Film?<br \/><\/span><span style=\"font-weight: 400;\">Die Medien m\u00fcssen von der Kamera in den Computer. Dann wird individuell\u00a0<\/span><span style=\"font-weight: 400;\">aufbereitet und geschnitten. Die Schnitte zusammenf\u00fcgen, mit Text versehen <\/span><span style=\"font-weight: 400;\">und f\u00fcr die Filmvorf\u00fchrung zuhause im richtigen Format fertigstellen.<\/span><\/p><p><span style=\"font-weight: 400;\">Der Grundkurs umfasst:<br \/><\/span><span style=\"font-weight: 400;\">&#8211; Medien in den PC \u00fcbertragen, organisieren und bearbeiten<br \/><\/span><span style=\"font-weight: 400;\">&#8211; Erlenen und Anwenden einfacher Schnitttechniken<br \/><\/span><span style=\"font-weight: 400;\">&#8211; Einf\u00fcgen von Titel und Text<br \/><\/span><span style=\"font-weight: 400;\">&#8211; Fertigstellen eines Kurzfilmes<\/span><\/p><\/div>\n\t\t\t\t<\/div>\n\t\t\t\t\t\t\t\t<\/div>\n\t\t\t\t\t\t<\/div>\n\t\t\t\t<\/div>\n\t\t\t\t\t<\/div>\n\t\t<\/div>\n\t\t\t\t\t<\/div>\n\t\t<\/section>\n\t\t\t\t<\/div>\n\t\t","protected":false},"excerpt":{"rendered":"<p>Hier findest Du Beschreibungen unserer Kurse Grundkurs &#8211; Erste Schritte am PC Dieser Kurs vermittelt Grundlagen f\u00fcr den Umgang mit Computern und die Nutzung im Internet.Wie bediene ich Maus und &#8230;<\/p>\n","protected":false},"author":1,"featured_media":295,"parent":0,"menu_order":0,"comment_status":"closed","ping_status":"closed","template":"elementor_header_footer","meta":{"footnotes":""},"class_list":["post-114","page","type-page","status-publish","has-post-thumbnail","hentry"],"_links":{"self":[{"href":"https:\/\/seniorennetz-as.de\/index.php?rest_route=\/wp\/v2\/pages\/114","targetHints":{"allow":["GET"]}}],"collection":[{"href":"https:\/\/seniorennetz-as.de\/index.php?rest_route=\/wp\/v2\/pages"}],"about":[{"href":"https:\/\/seniorennetz-as.de\/index.php?rest_route=\/wp\/v2\/types\/page"}],"author":[{"embeddable":true,"href":"https:\/\/seniorennetz-as.de\/index.php?rest_route=\/wp\/v2\/users\/1"}],"replies":[{"embeddable":true,"href":"https:\/\/seniorennetz-as.de\/index.php?rest_route=%2Fwp%2Fv2%2Fcomments&post=114"}],"version-history":[{"count":85,"href":"https:\/\/seniorennetz-as.de\/index.php?rest_route=\/wp\/v2\/pages\/114\/revisions"}],"predecessor-version":[{"id":380,"href":"https:\/\/seniorennetz-as.de\/index.php?rest_route=\/wp\/v2\/pages\/114\/revisions\/380"}],"wp:featuredmedia":[{"embeddable":true,"href":"https:\/\/seniorennetz-as.de\/index.php?rest_route=\/wp\/v2\/media\/295"}],"wp:attachment":[{"href":"https:\/\/seniorennetz-as.de\/index.php?rest_route=%2Fwp%2Fv2%2Fmedia&parent=114"}],"curies":[{"name":"wp","href":"https:\/\/api.w.org\/{rel}","templated":true}]}}