{"id":33,"date":"2019-04-24T13:34:20","date_gmt":"2019-04-24T13:34:20","guid":{"rendered":"http:\/\/seniorennetz-as.org\/?page_id=33"},"modified":"2025-08-22T08:25:43","modified_gmt":"2025-08-22T08:25:43","slug":"impressum","status":"publish","type":"page","link":"https:\/\/seniorennetz-as.de\/?page_id=33","title":{"rendered":"Impressum"},"content":{"rendered":"\t\t<div data-elementor-type=\"wp-post\" data-elementor-id=\"33\" class=\"elementor elementor-33\">\n\t\t\t\t\t\t<section class=\"elementor-section elementor-top-section elementor-element elementor-element-4d8c0f8 elementor-section-boxed elementor-section-height-default elementor-section-height-default\" data-id=\"4d8c0f8\" data-element_type=\"section\" data-e-type=\"section\">\n\t\t\t\t\t\t<div class=\"elementor-container elementor-column-gap-default\">\n\t\t\t\t\t<div class=\"elementor-column elementor-col-100 elementor-top-column elementor-element elementor-element-ef2c4cd\" data-id=\"ef2c4cd\" data-element_type=\"column\" data-e-type=\"column\">\n\t\t\t<div class=\"elementor-widget-wrap elementor-element-populated\">\n\t\t\t\t\t\t<div class=\"elementor-element elementor-element-0bec6d5 elementor-widget elementor-widget-text-editor\" data-id=\"0bec6d5\" data-element_type=\"widget\" data-e-type=\"widget\" data-widget_type=\"text-editor.default\">\n\t\t\t\t<div class=\"elementor-widget-container\">\n\t\t\t\t\t\t\t\t\t<h3>Impressum Seniorennetz Amberg-Sulzbach e.V.<\/h3>\n<p>Obere Gartenstrasse 3<br>92237 Sulzbach-Rosenberg<br>Telefon: +49 (09661)&nbsp;<span style=\"color: var( --e-global-color-text ); font-family: var( --e-global-typography-text-font-family ), Sans-serif; font-weight: var( --e-global-typography-text-font-weight ); font-size: 0.875rem;\">1706058<\/span><\/p>\n<div>\n<p>e-mail: info@seniorennetz-as.de<br>Internet: www.seniorennetz-as.de<\/p>\n<p>Vertretungsberechtigter Vorstand:&nbsp;<\/p>\n<p>J\u00fcrgen Delle (Vorsitzender)<br>Werner H\u00f6gner (stellv. Vorsitzender)<br>Karl Siegert (Kassier)<br>Registergericht: Amberg<br>VR Amberg- NR. 950<\/p>\n<p>Internetdesign:<br>Robert Meier<\/p>\n<\/div>\n<p>1. Haftungsausschluss und Copyright&nbsp;<br>Das Seniorennetz Amberg-Sulzbach e.V. stellt eine Vielzahl von Informationen zur Verf\u00fcgung, die regelm\u00e4\u00dfig aktualisiert werden. Aufgrund der technischen Merkmale des Internet, kann das Seniorennetz jedoch keine Gew\u00e4hr f\u00fcr die Vollst\u00e4ndigkeit und Richtigkeit der eingestellten Informationen \u00fcbernehmen. Deshalb sollten Sie die Richtigkeit der hier pr\u00e4sentierten Informationen \u00fcberpr\u00fcfen, insbesondere wenn sie als Grundlage f\u00fcr Gesch\u00e4fte dienen.<\/p>\n<p>Sie k\u00f6nnen unsere Informationen speichern, weitergeben und vervielf\u00e4ltigen, sowie Links zur Homepage des Seniorennetz legen. Das Seniorennetz ist \u00fcber die Einrichtung eines Links zu informieren. Wir bestehen jedoch bei Links kommerzieller Anbieter darauf, dass die Web-Seiten des Seniorennetz alleiniger Bestandteil des Browser-Fensters sind. Die verlinkten Seiten d\u00fcrfen keine pornographischen-oder rasistischen Inhalte sowie Links zu solchen Seiten beherbergen! Die Informationen d\u00fcrfen im \u00dcbrigen nicht ver\u00e4ndert oder verf\u00e4lscht werden. Bei Weitergabe und Vervielf\u00e4ltigung bitten wir um Quellenangabe.<\/p>\n<p>\u00a9 Copyright: Seniorenetz-as.de Obere-Gartenstra\u00dfe 3 Sulzbach-Rosenberg<\/p>\n<p>2. Inhalt des Onlineangebotes<\/p>\n<p>Der Autor \u00fcbernimmt keinerlei Gew\u00e4hr f\u00fcr die Aktualit\u00e4t, Korrektheit, Vollst\u00e4ndigkeit oder Qualit\u00e4t der bereitgestellten Informationen. Haftungsanspr\u00fcche gegen den Autor, welche sich auf Sch\u00e4den materieller oder ideeller Art beziehen, die durch die Nutzung oder Nichtnutzung der dargebotenen Informationen bzw. durch die Nutzung fehlerhafter und unvollst\u00e4ndiger Informationen verursacht wurden, sind grunds\u00e4tzlich ausgeschlossen, sofern seitens des Autors kein nachweislich vors\u00e4tzliches oder grob fahrl\u00e4ssiges Verschulden vorliegt.<br>Alle Angebote sind frei bleibend und unverbindlich. Der Autor beh\u00e4lt es sich ausdr\u00fccklich vor, Teile der Seiten oder das gesamte Angebot ohne gesonderte Ank\u00fcndigung zu ver\u00e4ndern, zu erg\u00e4nzen, zu l\u00f6schen oder die Ver\u00f6ffentlichung zeitweise oder endg\u00fcltig einzustellen.<\/p>\n<p>3. Verweise und Links<\/p>\n<p>Bei direkten oder indirekten Verweisen auf fremde Internetseiten (&#8222;Links&#8220;), die au\u00dferhalb des Verantwortungsbereiches des Autors liegen, w\u00fcrde eine Haftungsverpflichtung ausschlie\u00dflich in dem Fall in Kraft treten, in dem der Autor von den Inhalten Kenntnis hat und es ihm technisch m\u00f6glich und zumutbar w\u00e4re, die Nutzung im Falle rechtswidriger Inhalte zu verhindern.<br>Der Autor erkl\u00e4rt hiermit ausdr\u00fccklich, dass zum Zeitpunkt der Link setzung keine illegalen Inhalte auf den zu verlinkenden Seiten erkennbar waren. Auf die aktuelle und zuk\u00fcnftige Gestaltung, die Inhalte oder die Urheberschaft der gelinkten\/verkn\u00fcpften Seiten hat der Autor keinerlei Einfluss. Deshalb distanziert er sich hiermit ausdr\u00fccklich von allen Inhalten aller gelinkten \/verkn\u00fcpften Seiten, die nach der Link setzung ver\u00e4ndert wurden. Diese Feststellung gilt f\u00fcr alle innerhalb des eigenen Internetangebotes gesetzten Links und Verweise sowie f\u00fcr Fremdeintr\u00e4ge in vom Autor eingerichteten G\u00e4steb\u00fcchern, Diskussionsforen und Mailinglisten. F\u00fcr illegale, fehlerhafte oder unvollst\u00e4ndige Inhalte und insbesondere f\u00fcr Sch\u00e4den, die aus der Nutzung oder Nichtnutzung solcherart dargebotener Informationen entstehen, haftet allein der Anbieter der Seite, auf welche verwiesen wurde, nicht derjenige, der \u00fcber Links auf die jeweilige Ver\u00f6ffentlichung lediglich verweist.<\/p>\n<p>4. Urheber- und Kennzeichenrecht<\/p>\n<p>Der Autor ist bestrebt, in allen Publikationen die Urheberrechte der verwendeten Grafiken, Tondokumente, Videosequenzen und Texte zu beachten, von ihm selbst erstellte Grafiken, Tondokumente, Videosequenzen und Texte zu nutzen oder auf lizenzfreie Grafiken, Tondokumente, Videosequenzen und Texte zur\u00fcckzugreifen.<br>Alle innerhalb des Internetangebotes genannten und ggf. durch Dritte gesch\u00fctzten Marken- und Warenzeichen unterliegen uneingeschr\u00e4nkt den Bestimmungen des jeweils g\u00fcltigen Kennzeichenrechts und den Besitzrechten der jeweiligen eingetragenen Eigent\u00fcmer. Allein aufgrund der blo\u00dfen Nennung ist nicht der Schluss zu ziehen, dass Markenzeichen nicht durch Rechte Dritter gesch\u00fctzt sind!<br>Das Copyright f\u00fcr ver\u00f6ffentlichte, vom Autor selbst erstellte Objekte bleibt allein beim Autor der Seiten. Eine Vervielf\u00e4ltigung oder Verwendung solcher Grafiken, Tondokumente, Videosequenzen und Texte in anderen elektronischen oder gedruckten Publikationen ist ohne ausdr\u00fcckliche Zustimmung des Autors nicht gestattet.<\/p>\n<p>5. Datenschutz<\/p>\n<p>Der Zugang zum Backend ist durch eine Zwei-Faktor-Authentifizierung gesch\u00fctzt.<\/p>\n<p>5.1 Nutzerdaten<\/p>\n<p>Beim Besuch unserer Seite speichert der Server tempor\u00e4r (f\u00fcr die Dauer des Besuchs) Nutzerdaten f\u00fcr statistische Zwecke und zur Absicherung der Servicequalit\u00e4t<\/p>\n<ul>\n<li>die IP-Adresse des anfragenden Rechners<\/li>\n<li>\n<div>Datum und Uhrzeit der Anfrage<\/div>\n<\/li>\n<li>Typ des Webbrowsers, der zur Abfrage benutzt wird<\/li>\n<\/ul>\n<p>Auf unserer Webseite verwenden wir Session Cookies, die nach dem Verlassen ung\u00fcltig werden. Wenn Sie sich jedoch \u00fcber einen unserer Links auf eine andere Webseite einw\u00e4hlen, kann diese Seite beliebig Cookies verwenden; das erfolgt jedoch au\u00dferhalb der Verantwortung des&nbsp;<em>seniorennetz-as.de.&nbsp;<\/em>Durch Browsereinstellungen oder -erweiterungen k\u00f6nnen Sie die Nutzung von Cookies sichtbar machen und bei Bedarf auch beeinflussen.<\/p>\n<p>5.2 Mitgliederdaten des Vereins<\/p>\n<p>Alle f\u00fcr den Verein&nbsp;<em>Seniorennetz Amberg-Sulzbach e.V<\/em>. erforderlichen Mitgliederdaten werden in einem Aufnahmeantrag (PDF-Formular) handschriftlich erfa\u00dft und in ein elektronisches Mitgliederverzeichnis au\u00dferhalb des Webservers eingetragen. Dieses Verzeichnis wird ausschlie\u00dflich f\u00fcr Vereinszwecke verwendet und ist f\u00fcr Dritte nicht erreichbar.<\/p>\n<p>5.3 pers\u00f6nliche Daten in Bildern und Berichten<\/p>\n<p>Personen, die auf Bildern unserer Webseite abgelichtet oder erw\u00e4hnt sind, haben einer m\u00f6glichen Ver\u00f6ffentlichung vorab zugestimmt. Sollte jemand seine Meinung \u00e4ndern und Einspruch erheben, wird der Verein unverz\u00fcglich reagieren und das Bild entfernen oder den Text \u00e4ndern.<\/p>\n<p>6. Rechtswirksamkeit dieses Haftungsausschlusses<\/p>\n<p>Dieser Haftungsausschluss ist als Teil des Internetangebotes zu betrachten, von dem aus auf diese Seite verwiesen wurde. Sofern Teile oder einzelne Formulierungen dieses Textes der geltenden Rechtslage nicht, nicht mehr oder nicht vollst\u00e4ndig entsprechen sollten, bleiben die \u00fcbrigen Teile des Dokumentes in ihrem Inhalt und ihrer G\u00fcltigkeit davon unber\u00fchrt.&nbsp;<\/p>\n<p>Haftungshinweis: Trotz sorgf\u00e4ltiger inhaltlicher Kontrolle \u00fcbernehmen wir keine Haftung f\u00fcr die Inhalte externer Links. F\u00fcr den Inhalt der verlinkten Seiten sind ausschlie\u00dflich deren Betreiber verantwortlich<\/p>\t\t\t\t\t\t\t\t<\/div>\n\t\t\t\t<\/div>\n\t\t\t\t\t<\/div>\n\t\t<\/div>\n\t\t\t\t\t<\/div>\n\t\t<\/section>\n\t\t\t\t<\/div>\n\t\t","protected":false},"excerpt":{"rendered":"<p>Impressum Seniorennetz Amberg-Sulzbach e.V. Obere Gartenstrasse 392237 Sulzbach-RosenbergTelefon: +49 (09661)&nbsp;1706058 e-mail: info@seniorennetz-as.deInternet: www.seniorennetz-as.de Vertretungsberechtigter Vorstand:&nbsp; J\u00fcrgen Delle (Vorsitzender)Werner H\u00f6gner (stellv. Vorsitzender)Karl Siegert (Kassier)Registergericht: AmbergVR Amberg- NR. 950 Internetdesign:Robert Meier 1. &#8230;<\/p>\n","protected":false},"author":1,"featured_media":0,"parent":0,"menu_order":0,"comment_status":"closed","ping_status":"closed","template":"elementor_header_footer","meta":{"footnotes":""},"class_list":["post-33","page","type-page","status-publish","hentry"],"_links":{"self":[{"href":"https:\/\/seniorennetz-as.de\/index.php?rest_route=\/wp\/v2\/pages\/33","targetHints":{"allow":["GET"]}}],"collection":[{"href":"https:\/\/seniorennetz-as.de\/index.php?rest_route=\/wp\/v2\/pages"}],"about":[{"href":"https:\/\/seniorennetz-as.de\/index.php?rest_route=\/wp\/v2\/types\/page"}],"author":[{"embeddable":true,"href":"https:\/\/seniorennetz-as.de\/index.php?rest_route=\/wp\/v2\/users\/1"}],"replies":[{"embeddable":true,"href":"https:\/\/seniorennetz-as.de\/index.php?rest_route=%2Fwp%2Fv2%2Fcomments&post=33"}],"version-history":[{"count":22,"href":"https:\/\/seniorennetz-as.de\/index.php?rest_route=\/wp\/v2\/pages\/33\/revisions"}],"predecessor-version":[{"id":609,"href":"https:\/\/seniorennetz-as.de\/index.php?rest_route=\/wp\/v2\/pages\/33\/revisions\/609"}],"wp:attachment":[{"href":"https:\/\/seniorennetz-as.de\/index.php?rest_route=%2Fwp%2Fv2%2Fmedia&parent=33"}],"curies":[{"name":"wp","href":"https:\/\/api.w.org\/{rel}","templated":true}]}}